{"id":933,"date":"2022-07-07T10:28:29","date_gmt":"2022-07-07T08:28:29","guid":{"rendered":"https:\/\/www.asm.tf.fau.de\/?page_id=933"},"modified":"2022-07-07T11:15:39","modified_gmt":"2022-07-07T09:15:39","slug":"contact","status":"publish","type":"page","link":"https:\/\/www.asm.tf.fau.de\/en\/institute\/contact\/","title":{"rendered":"Contact"},"content":{"rendered":"<h2>You can find us at<\/h2>\n<p>Paul-Gordan-Str. 3\/5 (R\u00f6thelheimcampus)<br \/>\n91052 Erlangen<\/p>\n<pre id=\"embed_shortcode\"><div class=\"fau-oembed oembed\"><iframe loading=\"lazy\" title=\"FAU-Karte\" src=\"https:\/\/karte.fau.de\/api\/v1\/iframe\/term\/Lehrstuhl+f%C3%BCr+Autonome+Systeme+und+Mechatronik\" class=\"fau-karte defaultwidth\" width=\"970px\" height=\"545px\" seamless><p>Diese Inhalte wurden von fau.karte.de in Form eines Frames eingebunden. Um direkt auf die Karte zuzugreifen, folgen Sie dem folgenden Link: <a href=\"https:\/\/karte.fau.de\/api\/v1\/iframe\/term\/Lehrstuhl+f%C3%BCr+Autonome+Systeme+und+Mechatronik\">https:\/\/karte.fau.de\/api\/v1\/iframe\/term\/Lehrstuhl+f%C3%BCr+Autonome+Systeme+und+Mechatronik<\/a><\/p><\/iframe><\/div><\/pre>\n<p>The administration office can be found in room 2.035<\/p>\n<p>Telephone: +49 9131 85-23132, Fax: +49 9131 85-23133<br \/>\nE-Mail: asm-info@fau.de<\/p>\n<h2>Official Address:<\/h2>\n<p><em>(-&gt; see <a href=\"https:\/\/www.asm.tf.fau.de\/impressum\/\">Impressum<\/a>)<\/em><\/p>\n<p>Friedrich-Alexander-Universit\u00e4t Erlangen-N\u00fcrnberg<br \/>\nChair of Autonomous Systems and Mechatronics<br \/>\nProf. Dr.-Ing. habil. <span class=\"fullname\">Philipp Beckerle<\/span><br \/>\nPaul-Gordan-Stra\u00dfe 3\/5<br \/>\n91052 Erlangen, Deutschland<\/p>\n<p>&nbsp;<\/p>\n","protected":false},"excerpt":{"rendered":"<p>You can find us at Paul-Gordan-Str. 3\/5 (R\u00f6thelheimcampus) 91052 Erlangen The administration office can be found in room 2.035 Telephone: +49 9131 85-23132, Fax: +49 9131 85-23133 E-Mail: asm-info@fau.de Official Address: (-&gt; see Impressum) Friedrich-Alexander-Universit\u00e4t Erlangen-N\u00fcrnberg Chair of Autonomous Systems and Mechatronics Prof. Dr.-Ing. habil. Philipp Beckerle Paul-Gordan-Stra\u00dfe 3\/5 91052 Erlangen, Deutschland &nbsp;<\/p>\n","protected":false},"author":3315,"featured_media":0,"parent":945,"menu_order":2,"comment_status":"closed","ping_status":"closed","template":"page-templates\/page-subnav.php","meta":{"_rrze_cache":"enabled","_rrze_multilang_single_locale":"en_US","_rrze_multilang_single_source":"https:\/\/www.asm.tf.fau.de\/?page_id=174","footnotes":""},"page_category":[3],"page_tag":[],"workflow_usergroup":[],"class_list":["post-933","page","type-page","status-publish","hentry","page_category-institute","en-US"],"_links":{"self":[{"href":"https:\/\/www.asm.tf.fau.de\/wp-json\/wp\/v2\/pages\/933","targetHints":{"allow":["GET"]}}],"collection":[{"href":"https:\/\/www.asm.tf.fau.de\/wp-json\/wp\/v2\/pages"}],"about":[{"href":"https:\/\/www.asm.tf.fau.de\/wp-json\/wp\/v2\/types\/page"}],"author":[{"embeddable":true,"href":"https:\/\/www.asm.tf.fau.de\/wp-json\/wp\/v2\/users\/3315"}],"replies":[{"embeddable":true,"href":"https:\/\/www.asm.tf.fau.de\/wp-json\/wp\/v2\/comments?post=933"}],"version-history":[{"count":1,"href":"https:\/\/www.asm.tf.fau.de\/wp-json\/wp\/v2\/pages\/933\/revisions"}],"predecessor-version":[{"id":998,"href":"https:\/\/www.asm.tf.fau.de\/wp-json\/wp\/v2\/pages\/933\/revisions\/998"}],"up":[{"embeddable":true,"href":"https:\/\/www.asm.tf.fau.de\/wp-json\/wp\/v2\/pages\/945"}],"wp:attachment":[{"href":"https:\/\/www.asm.tf.fau.de\/wp-json\/wp\/v2\/media?parent=933"}],"wp:term":[{"taxonomy":"page_category","embeddable":true,"href":"https:\/\/www.asm.tf.fau.de\/wp-json\/wp\/v2\/page_category?post=933"},{"taxonomy":"page_tag","embeddable":true,"href":"https:\/\/www.asm.tf.fau.de\/wp-json\/wp\/v2\/page_tag?post=933"},{"taxonomy":"workflow_usergroup","embeddable":true,"href":"https:\/\/www.asm.tf.fau.de\/wp-json\/wp\/v2\/workflow_usergroup?post=933"}],"curies":[{"name":"wp","href":"https:\/\/api.w.org\/{rel}","templated":true}]}}